{"id":388,"date":"2025-10-24T19:48:22","date_gmt":"2025-10-24T19:48:22","guid":{"rendered":"https:\/\/transitosonoro.com\/?page_id=388"},"modified":"2025-11-02T13:58:52","modified_gmt":"2025-11-02T13:58:52","slug":"conciertos-2","status":"publish","type":"page","link":"https:\/\/transitosonoro.com\/index.php\/conciertos-2\/","title":{"rendered":"conciertos"},"content":{"rendered":"<p dir=\"ltr\" style=\"\">2025<\/p>\n<p dir=\"ltr\"><span style=\"--tcb-applied-color: rgba(255, 255, 255, 0.83) !important; color: rgba(255, 255, 255, 0.83) !important;\">P\u00c9RDIDAS Y ENCUENTROS<\/span><\/p>\n<ul>\n<li dir=\"ltr\">\n<p dir=\"ltr\"><span style=\"color: rgba(255, 255, 255, 0.83) !important;\"><span style=\"--tcb-applied-color: rgba(255, 255, 255, 0.83) !important;\">Domingo 21 septiembre 2025. Espacio Esc\u00e9nico, Purchena (Almer\u00eda)<\/span><\/span><\/p>\n<\/li>\n<\/ul>\n<p dir=\"ltr\"><span style=\"color: rgba(255, 255, 255, 0.83) !important;\"><span style=\"--tcb-applied-color: rgba(255, 255, 255, 0.83) !important;\">LA PASI\u00d3N DE JUANA DE ARCO<\/span><\/span><\/p>\n<ul>\n<li dir=\"ltr\">\n<p dir=\"ltr\"><span style=\"color: rgba(255, 255, 255, 0.83) !important;\"><span style=\"--tcb-applied-color: rgba(255, 255, 255, 0.83) !important;\">S\u00e1bado 20 septiembre 2025. Plaza de Espa\u00f1a, Purchena (Almer\u00eda)<\/span><\/span><\/p>\n<\/li>\n<li dir=\"ltr\">\n<p dir=\"ltr\"><span style=\"color: rgba(255, 255, 255, 0.83) !important;\"><span style=\"--tcb-applied-color: rgba(255, 255, 255, 0.83) !important;\">S\u00e1bado 12 julio 2025. Ciclo \u201dNits de Cinema\u201d de la Universidad de Valencia. Claustro del Centro Cultural La Nau, Valencia.<\/span><\/span><\/p>\n<\/li>\n<\/ul>\n<p dir=\"ltr\"><span style=\"color: rgba(255, 255, 255, 0.83) !important;\"><span style=\"--tcb-applied-color: rgba(255, 255, 255, 0.83) !important;\">2024<\/span><\/span><\/p>\n<p dir=\"ltr\"><span style=\"color: rgba(255, 255, 255, 0.83) !important;\"><span style=\"--tcb-applied-color: rgba(255, 255, 255, 0.83) !important;\">P\u00c9RDIDAS Y ENCUENTROS<\/span><\/span><\/p>\n<ul>\n<li dir=\"ltr\">\n<p dir=\"ltr\"><span style=\"color: rgba(255, 255, 255, 0.83) !important;\"><span style=\"--tcb-applied-color: rgba(255, 255, 255, 0.83) !important;\">Lunes 2 diciembre 2024. Auditorio Centro C\u00edvico \u201cCanal de Castilla\u201d, Valladolid<\/span><\/span><\/p>\n<\/li>\n<li dir=\"ltr\">\n<p dir=\"ltr\"><span style=\"color: rgba(255, 255, 255, 0.83) !important;\"><span style=\"--tcb-applied-color: rgba(255, 255, 255, 0.83) !important;\">Jueves 28 noviembre 2024. Auditorio Manuel de Falla, Conservatorio Profesional de M\u00fasica de Ciudad Real<\/span><\/span><\/p>\n<\/li>\n<\/ul>\n<p dir=\"ltr\"><span style=\"color: rgba(255, 255, 255, 0.83) !important;\"><span style=\"--tcb-applied-color: rgba(255, 255, 255, 0.83) !important;\">EL GABINETE DEL DOCTOR CALIGARI<\/span><\/span><\/p>\n<ul>\n<li dir=\"ltr\">\n<p dir=\"ltr\"><span style=\"color: rgba(255, 255, 255, 0.83) !important;\"><span style=\"--tcb-applied-color: rgba(255, 255, 255, 0.83) !important;\">Mi\u00e9rcoles 17 julio 2024. Ciclo \u201dNits de Cinema\u201d de la Universidad de Valencia. Claustro del Centro Cultural La Nau, Valencia.<\/span><\/span><\/p>\n<\/li>\n<\/ul>\n<p dir=\"ltr\"><span style=\"color: rgba(255, 255, 255, 0.83) !important;\"><span style=\"--tcb-applied-color: rgba(255, 255, 255, 0.83) !important;\">PRESENTACI\u00d3N CD \u201cPALOS DEL FLAMENCO\u201d<\/span><\/span><\/p>\n<ul>\n<li dir=\"ltr\">\n<p dir=\"ltr\"><span style=\"color: rgba(255, 255, 255, 0.83) !important;\"><span style=\"--tcb-applied-color: rgba(255, 255, 255, 0.83) !important;\">Lunes 10 junio 2024. Instituto Andaluz del Flamenco, Sevilla.<\/span><\/span><\/p>\n<\/li>\n<\/ul>\n<p dir=\"ltr\"><span style=\"--tcb-applied-color: rgba(255, 255, 255, 0.83) !important; color: rgba(255, 255, 255, 0.83) !important;\">2023<\/span><\/p>\n<p dir=\"ltr\"><span style=\"color: rgba(255, 255, 255, 0.83) !important;\"><span style=\"--tcb-applied-color: rgba(255, 255, 255, 0.83) !important;\">ANTES DEL FLAMENCO<\/span><\/span><\/p>\n<ul>\n<li dir=\"ltr\">\n<p dir=\"ltr\"><span style=\"color: rgba(255, 255, 255, 0.83) !important;\"><span style=\"--tcb-applied-color: rgba(255, 255, 255, 0.83) !important;\">S\u00e1bado 16 diciembre 2023. Sala de C\u00e1mara del COSCYL, Salamanca<\/span><\/span><\/p>\n<\/li>\n<li dir=\"ltr\">\n<p dir=\"ltr\"><span style=\"color: rgba(255, 255, 255, 0.83) !important;\"><span style=\"--tcb-applied-color: rgba(255, 255, 255, 0.83) !important;\">Viernes 15 diciembre 2023. Sal\u00f3n de Actos Conservatorio Profesional de M\u00fasica de Calahorra (La Rioja)<\/span><\/span><\/p>\n<\/li>\n<\/ul>\n<p dir=\"ltr\"><span style=\"color: rgba(255, 255, 255, 0.83) !important;\"><span style=\"--tcb-applied-color: rgba(255, 255, 255, 0.83) !important;\">EL GABINETE DEL DOCTOR CALIGARI<\/span><\/span><\/p>\n<ul>\n<li dir=\"ltr\">\n<p dir=\"ltr\"><span style=\"color: rgba(255, 255, 255, 0.83) !important;\"><span style=\"--tcb-applied-color: rgba(255, 255, 255, 0.83) !important;\">Domingo 24 septiembre 2023. Espacio Esc\u00e9nico, Purchena (Almer\u00eda)<\/span><\/span><\/p>\n<\/li>\n<\/ul>\n<p dir=\"ltr\"><span style=\"color: rgba(255, 255, 255, 0.83) !important;\"><span style=\"--tcb-applied-color: rgba(255, 255, 255, 0.83) !important;\">2022<\/span><\/span><\/p>\n<p dir=\"ltr\"><span style=\"color: rgba(255, 255, 255, 0.83) !important;\"><span style=\"--tcb-applied-color: rgba(255, 255, 255, 0.83) !important;\">PALOS DEL FLA<\/span><span style=\"--tcb-applied-color: rgba(255, 255, 255, 0.83) !important;\">MENCO<\/span><\/span><\/p>\n<ul>\n<li dir=\"ltr\">\n<p dir=\"ltr\"><span style=\"color: rgba(255, 255, 255, 0.83) !important;\"><span style=\"--tcb-applied-color: rgba(255, 255, 255, 0.83) !important;\">Jueves 14 julio 2022. Espacio Esc\u00e9nico, Purchena (Almer\u00eda)<\/span><\/span><\/p>\n<\/li>\n<li dir=\"ltr\">\n<p dir=\"ltr\"><span style=\"color: rgba(255, 255, 255, 0.83) !important;\"><span style=\"--tcb-applied-color: rgba(255, 255, 255, 0.83) !important;\">Lunes 20 junio 2022. Sal\u00f3n de Actos Conservatorio Profesional de M\u00fasica de Algeciras (C\u00e1diz)<\/span><\/span><\/p>\n<\/li>\n<li dir=\"ltr\">\n<p dir=\"ltr\"><span style=\"color: rgba(255, 255, 255, 0.83) !important;\"><span style=\"--tcb-applied-color: rgba(255, 255, 255, 0.83) !important;\">Viernes 18 marzo 2022. Sala Falla del Conservatorio Superior de M\u00fasica de M\u00e1laga<\/span><\/span><\/p>\n<\/li>\n<\/ul>\n<p dir=\"ltr\"><span style=\"color: rgba(255, 255, 255, 0.83) !important;\"><span style=\"--tcb-applied-color: rgba(255, 255, 255, 0.83) !important;\">CHARLA \u201cPALOS DEL FLAMENCO\u201d<\/span><\/span><\/p>\n<ul>\n<li dir=\"ltr\">\n<p dir=\"ltr\"><span style=\"--tcb-applied-color: rgba(255, 255, 255, 0.83) !important; color: rgba(255, 255, 255, 0.83) !important;\">Viernes 18 marzo 2022. Sala Falla del Conservatorio Superior de M\u00fasica de M\u00e1laga<\/span><\/p>\n<\/li>\n<\/ul>\n","protected":false},"excerpt":{"rendered":"<p>2025 P\u00c9RDIDAS Y ENCUENTROS Domingo 21 septiembre 2025. Espacio Esc\u00e9nico, Purchena (Almer\u00eda) LA PASI\u00d3N DE JUANA DE ARCO S\u00e1bado 20 septiembre 2025. Plaza de Espa\u00f1a, Purchena (Almer\u00eda) S\u00e1bado 12 julio 2025. Ciclo \u201dNits de Cinema\u201d de la Universidad de Valencia. Claustro del Centro Cultural La Nau, Valencia. 2024 P\u00c9RDIDAS Y ENCUENTROS Lunes 2 diciembre 2024. [&hellip;]<\/p>\n","protected":false},"author":2,"featured_media":0,"parent":0,"menu_order":0,"comment_status":"closed","ping_status":"closed","template":"","meta":{"footnotes":""},"class_list":["post-388","page","type-page","status-publish","hentry"],"_links":{"self":[{"href":"https:\/\/transitosonoro.com\/index.php\/wp-json\/wp\/v2\/pages\/388","targetHints":{"allow":["GET"]}}],"collection":[{"href":"https:\/\/transitosonoro.com\/index.php\/wp-json\/wp\/v2\/pages"}],"about":[{"href":"https:\/\/transitosonoro.com\/index.php\/wp-json\/wp\/v2\/types\/page"}],"author":[{"embeddable":true,"href":"https:\/\/transitosonoro.com\/index.php\/wp-json\/wp\/v2\/users\/2"}],"replies":[{"embeddable":true,"href":"https:\/\/transitosonoro.com\/index.php\/wp-json\/wp\/v2\/comments?post=388"}],"version-history":[{"count":6,"href":"https:\/\/transitosonoro.com\/index.php\/wp-json\/wp\/v2\/pages\/388\/revisions"}],"predecessor-version":[{"id":402,"href":"https:\/\/transitosonoro.com\/index.php\/wp-json\/wp\/v2\/pages\/388\/revisions\/402"}],"wp:attachment":[{"href":"https:\/\/transitosonoro.com\/index.php\/wp-json\/wp\/v2\/media?parent=388"}],"curies":[{"name":"wp","href":"https:\/\/api.w.org\/{rel}","templated":true}]}}