{"id":338,"date":"2023-07-06T17:28:52","date_gmt":"2023-07-06T17:28:52","guid":{"rendered":"https:\/\/transitosonoro.com\/?page_id=338"},"modified":"2023-07-06T17:49:53","modified_gmt":"2023-07-06T17:49:53","slug":"contacto","status":"publish","type":"page","link":"https:\/\/transitosonoro.com\/index.php\/contacto\/","title":{"rendered":"Contacto"},"content":{"rendered":"<h1 style=\"\">CONTACTO<\/h1>\n<p style=\"\">Desde aqu\u00ed podr\u00e1s enviarnos un email o consultar nuestras redes sociales<\/p>\n<p style=\"\"><strong>TEL\u00c9FONOS<\/strong><\/p>\n<p style=\"\">Alberto Trabajos (+34 657 666 338)<\/p>\n<p style=\"\">Bartolom\u00e9 Llorens (+34 605 20 21 43)<\/p>\n<p><a href=\"proyectotransitosonoro@gmail.com\" target=\"_blank\" rel=\"noopener\"><\/a><a href=\"proyectotransitosonoro@gmail.com\" target=\"_blank\" rel=\"noopener\"><\/a><a href=\"mailto:proyectotransitosonoro@gmail.com\" target=\"_blank\" rel=\"noopener\"><\/a><\/p>\n<p style=\"\"><strong>EMAIL<\/strong><\/p>\n<p style=\"\">proyectotransitosonoro@gmail.com<\/p>\n<p><a href=\"https:\/\/www.facebook.com\/transitosonoro\/\" target=\"_blank\" rel=\"noopener\"><\/a><a href=\"https:\/\/www.facebook.com\/transitosonoro\/\" target=\"_blank\" rel=\"noopener\"><\/a><a href=\"https:\/\/www.facebook.com\/transitosonoro\/\" target=\"_blank\" rel=\"noopener\"><\/a><\/p>\n<p style=\"\"><strong>FACEBOOK<\/strong><\/p>\n<p style=\"\">https:\/\/www.facebook.com\/transitosonoro\/<\/p>\n<p><a href=\"https:\/\/www.instagram.com\/transitosonoro\/\" target=\"_blank\" rel=\"noopener\"><\/a><a href=\"https:\/\/www.instagram.com\/transitosonoro\/\" target=\"_blank\" rel=\"noopener\"><\/a><a href=\"https:\/\/www.instagram.com\/transitosonoro\/\" target=\"_blank\" rel=\"noopener\"><\/a><\/p>\n<p style=\"\"><strong>INSTAGRAM<\/strong><\/p>\n<p style=\"\">https:\/\/www.instagram.com\/transitosonoro\/<\/p>\n<p> __CONFIG_colors_palette__{&#8220;active_palette&#8221;:0,&#8221;config&#8221;:{&#8220;colors&#8221;:{&#8220;62516&#8221;:{&#8220;name&#8221;:&#8221;Main Accent&#8221;,&#8221;parent&#8221;:-1}},&#8221;gradients&#8221;:[]},&#8221;palettes&#8221;:[{&#8220;name&#8221;:&#8221;Default Palette&#8221;,&#8221;value&#8221;:{&#8220;colors&#8221;:{&#8220;62516&#8221;:{&#8220;val&#8221;:&#8221;rgba(209, 255, 0, 0.82)&#8221;}},&#8221;gradients&#8221;:[]}}]}__CONFIG_colors_palette__ <a href=\"https:\/\/transitosonoro.com\/\" style=\"\"><span>  <\/span> <span><span style=\"\"><strong>VOLVER<\/strong><\/span><\/span> <\/a> <\/p>\n","protected":false},"excerpt":{"rendered":"<p>CONTACTO Desde aqu\u00ed podr\u00e1s enviarnos un email o consultar nuestras redes sociales TEL\u00c9FONOS Alberto Trabajos (+34 657 666 338) Bartolom\u00e9 Llorens (+34 605 20 21 43) EMAIL proyectotransitosonoro@gmail.com FACEBOOK https:\/\/www.facebook.com\/transitosonoro\/ INSTAGRAM https:\/\/www.instagram.com\/transitosonoro\/ __CONFIG_colors_palette__{&#8220;active_palette&#8221;:0,&#8221;config&#8221;:{&#8220;colors&#8221;:{&#8220;62516&#8221;:{&#8220;name&#8221;:&#8221;Main Accent&#8221;,&#8221;parent&#8221;:-1}},&#8221;gradients&#8221;:[]},&#8221;palettes&#8221;:[{&#8220;name&#8221;:&#8221;Default Palette&#8221;,&#8221;value&#8221;:{&#8220;colors&#8221;:{&#8220;62516&#8221;:{&#8220;val&#8221;:&#8221;rgba(209, 255, 0, 0.82)&#8221;}},&#8221;gradients&#8221;:[]}}]}__CONFIG_colors_palette__ VOLVER<\/p>\n","protected":false},"author":1,"featured_media":0,"parent":0,"menu_order":0,"comment_status":"closed","ping_status":"closed","template":"","meta":{"footnotes":""},"class_list":["post-338","page","type-page","status-publish","hentry"],"_links":{"self":[{"href":"https:\/\/transitosonoro.com\/index.php\/wp-json\/wp\/v2\/pages\/338","targetHints":{"allow":["GET"]}}],"collection":[{"href":"https:\/\/transitosonoro.com\/index.php\/wp-json\/wp\/v2\/pages"}],"about":[{"href":"https:\/\/transitosonoro.com\/index.php\/wp-json\/wp\/v2\/types\/page"}],"author":[{"embeddable":true,"href":"https:\/\/transitosonoro.com\/index.php\/wp-json\/wp\/v2\/users\/1"}],"replies":[{"embeddable":true,"href":"https:\/\/transitosonoro.com\/index.php\/wp-json\/wp\/v2\/comments?post=338"}],"version-history":[{"count":11,"href":"https:\/\/transitosonoro.com\/index.php\/wp-json\/wp\/v2\/pages\/338\/revisions"}],"predecessor-version":[{"id":351,"href":"https:\/\/transitosonoro.com\/index.php\/wp-json\/wp\/v2\/pages\/338\/revisions\/351"}],"wp:attachment":[{"href":"https:\/\/transitosonoro.com\/index.php\/wp-json\/wp\/v2\/media?parent=338"}],"curies":[{"name":"wp","href":"https:\/\/api.w.org\/{rel}","templated":true}]}}