{"id":123,"date":"2023-06-10T18:57:15","date_gmt":"2023-06-10T18:57:15","guid":{"rendered":"https:\/\/transitosonoro.com\/?page_id=123"},"modified":"2023-07-05T19:01:10","modified_gmt":"2023-07-05T19:01:10","slug":"inicio","status":"publish","type":"page","link":"https:\/\/transitosonoro.com\/index.php\/inicio\/","title":{"rendered":"Inicio2"},"content":{"rendered":"<p><span style=\"\"><img decoding=\"async\" alt=\"\" data-id=\"169\" width=\"653\" data-init-width=\"653\" height=\"344\" data-init-height=\"344\" title=\"transito-logo-amarillo-9\" loading=\"lazy\" src=\"\/\/transitosonoro.com\/wp-content\/uploads\/2023\/06\/transito-logo-amarillo-9.jpg\" data-width=\"653\" data-height=\"344\" style=\"aspect-ratio: auto 653 \/ 344;\" ml-t=\"0\" mt-t=\"0\"><\/span><\/p>\n<p style=\"\"><em><strong>&#8220;La idea de <\/strong>Tr\u00e1nsito<strong> hace referencia tanto al camino recorrido como al camino por recorrer, donde se mantiene siempre un movimiento constante en busca de lugares no visitados&#8221;<\/strong><\/em><\/p>\n<p><span><img decoding=\"async\" alt=\"\" data-id=\"143\" width=\"633\" data-init-width=\"2000\" height=\"321\" data-init-height=\"1015\" title=\"xr:d:DAFlcv53BWA:3,j:4210132767930154632,t:23061018\" loading=\"lazy\" src=\"\/\/transitosonoro.com\/wp-content\/uploads\/2023\/06\/portada-palos-del-flamenco.jpg\" data-width=\"633\" data-height=\"321\" style=\"aspect-ratio: auto 2000 \/ 1015;\"><\/span><\/p>\n<p style=\"\"><strong>Portada CD <span style=\"\"><em>Palos del Flamenco<\/em><\/span> (en preparaci\u00f3n)<\/strong><\/p>\n<p style=\"\"><span data-shortcode=\"tcb_post_categories\" data-shortcode-name=\"List of categories\" data-extra_key=\"\" data-attr-link=\"1\" data-attr-target=\"0\" data-attr-rel=\"0\" data-option-inline=\"1\" data-attr-static-link=\"{&quot;className&quot;:&quot;&quot;,&quot;href&quot;:&quot;https:\/\/transitosonoro.com\/index.php\/category\/trayectoria\/&quot;,&quot;title&quot;:&quot;Trayectoria&quot;,&quot;data-css&quot;:&quot;tve-u-188f3cf3d33&quot;,&quot;class&quot;:&quot;&quot;}\" data-attr-css=\"tve-u-188f3cf3d33\"><a href=\"https:\/\/transitosonoro.com\/index.php\/category\/trayectoria\/\" title=\"Trayectoria\">Trayectoria<\/a><\/span><\/p>\n<p style=\"\"><span data-shortcode=\"tcb_post_published_date\" data-shortcode-name=\"Post date\" data-extra_key=\"\" data-attr-type=\"published\" data-attr-date-format-select=\"F j, Y\" data-attr-date-format=\"F j, Y\" data-attr-show-time=\"0\" data-attr-time-format-select=\"g:i a\" data-attr-time-format=\"\" data-attr-link=\"1\" data-attr-target=\"0\" data-attr-rel=\"0\" data-option-inline=\"1\" data-attr-static-link=\"{&quot;className&quot;:&quot;&quot;,&quot;href&quot;:&quot;https:\/\/transitosonoro.com\/index.php\/2022\/02\/&quot;,&quot;title&quot;:&quot;febrero 28, 2022 &quot;,&quot;data-css&quot;:&quot;tve-u-188f3cf3d3b&quot;,&quot;class&quot;:&quot;&quot;}\" data-attr-css=\"tve-u-188f3cf3d3b\"><a href=\"https:\/\/transitosonoro.com\/index.php\/2022\/02\/\" title=\"febrero 28, 2022 \">febrero 28, 2022 <\/a><\/span><\/p>\n<h2 style=\"\"><span data-shortcode=\"tcb_post_title\" data-shortcode-name=\"Post title\" data-extra_key=\"\" data-attr-link=\"1\" data-attr-target=\"0\" data-attr-rel=\"0\" data-option-inline=\"1\" data-attr-static-link=\"{&quot;className&quot;:&quot;&quot;,&quot;href&quot;:&quot;https:\/\/transitosonoro.com\/index.php\/2022\/02\/28\/proyecto-palos-del-flamenco\/&quot;,&quot;title&quot;:&quot;Proyecto \u00abPalos del Flamenco\u00bb&quot;,&quot;class&quot;:&quot;&quot;}\" data-attr-css=\"\"><a href=\"https:\/\/transitosonoro.com\/index.php\/2022\/02\/28\/proyecto-palos-del-flamenco\/\" title=\"Proyecto \u00abPalos del Flamenco\u00bb\" data-css=\"\">Proyecto \u00abPalos del Flamenco\u00bb<\/a><\/span><\/h2>\n<p>Nuestro primer proyecto, \u00abPalos del Flamenco\u00bb, se ha centrado en el inagotable universo de la m\u00fasica flamenca. Se compone de un repertorio de cinco piezas <a href=\"https:\/\/transitosonoro.com\/index.php\/2022\/02\/28\/proyecto-palos-del-flamenco\/#more-195\">Leer m\u00e1s<\/a><\/p>\n<p><a href=\"https:\/\/transitosonoro.com\/index.php\/2022\/02\/28\/proyecto-palos-del-flamenco\/\" style=\"\"><span><\/span><span><span>Leer m\u00e1s<\/span><\/span><\/a><\/p>\n<p style=\"\"><span data-shortcode=\"tcb_post_categories\" data-shortcode-name=\"List of categories\" data-extra_key=\"\" data-attr-link=\"1\" data-attr-target=\"0\" data-attr-rel=\"0\" data-option-inline=\"1\" data-attr-static-link=\"{&quot;className&quot;:&quot;&quot;,&quot;href&quot;:&quot;https:\/\/transitosonoro.com\/index.php\/category\/trayectoria\/&quot;,&quot;title&quot;:&quot;Trayectoria&quot;,&quot;data-css&quot;:&quot;tve-u-188f3cf3d33&quot;,&quot;class&quot;:&quot;&quot;}\" data-attr-css=\"tve-u-188f3cf3d33\"><a href=\"https:\/\/transitosonoro.com\/index.php\/category\/trayectoria\/\" title=\"Trayectoria\">Trayectoria<\/a><\/span><\/p>\n<p style=\"\"><span data-shortcode=\"tcb_post_published_date\" data-shortcode-name=\"Post date\" data-extra_key=\"\" data-attr-type=\"published\" data-attr-date-format-select=\"F j, Y\" data-attr-date-format=\"F j, Y\" data-attr-show-time=\"0\" data-attr-time-format-select=\"g:i a\" data-attr-time-format=\"\" data-attr-link=\"1\" data-attr-target=\"0\" data-attr-rel=\"0\" data-option-inline=\"1\" data-attr-static-link=\"{&quot;className&quot;:&quot;&quot;,&quot;href&quot;:&quot;https:\/\/transitosonoro.com\/index.php\/2022\/02\/&quot;,&quot;title&quot;:&quot;febrero 28, 2022 &quot;,&quot;data-css&quot;:&quot;tve-u-188f3cf3d3b&quot;,&quot;class&quot;:&quot;&quot;}\" data-attr-css=\"tve-u-188f3cf3d3b\"><a href=\"https:\/\/transitosonoro.com\/index.php\/2022\/01\/\" title=\"enero 15, 2022 \">enero 15, 2022 <\/a><\/span><\/p>\n<h2 style=\"\"><span data-shortcode=\"tcb_post_title\" data-shortcode-name=\"Post title\" data-extra_key=\"\" data-attr-link=\"1\" data-attr-target=\"0\" data-attr-rel=\"0\" data-option-inline=\"1\" data-attr-static-link=\"{&quot;className&quot;:&quot;&quot;,&quot;href&quot;:&quot;https:\/\/transitosonoro.com\/index.php\/2022\/02\/28\/proyecto-palos-del-flamenco\/&quot;,&quot;title&quot;:&quot;Proyecto \u00abPalos del Flamenco\u00bb&quot;,&quot;class&quot;:&quot;&quot;}\" data-attr-css=\"\"><a href=\"https:\/\/transitosonoro.com\/index.php\/2022\/01\/15\/proyecto-transito-sonoro\/\" title=\"Tr\u00e1nsito Sonoro\" data-css=\"\">Tr\u00e1nsito Sonoro<\/a><\/span><\/h2>\n<p>Tr\u00e1nsito Sonoro es un d\u00fao formado por Bartolom\u00e9 Llorens (clarinete) y Alberto Trabajos (electr\u00f3nica), con base en Almer\u00eda, Espa\u00f1a. Se centra en la creaci\u00f3n musical <a href=\"https:\/\/transitosonoro.com\/index.php\/2022\/01\/15\/proyecto-transito-sonoro\/#more-1\">Leer m\u00e1s<\/a><\/p>\n<p><a href=\"https:\/\/transitosonoro.com\/index.php\/2022\/01\/15\/proyecto-transito-sonoro\/\" style=\"\"><span><\/span><span><span>Leer m\u00e1s<\/span><\/span><\/a><\/p>\n","protected":false},"excerpt":{"rendered":"<p>&#8220;La idea de Tr\u00e1nsito hace referencia tanto al camino recorrido como al camino por recorrer, donde se mantiene siempre un movimiento constante en busca de lugares no visitados&#8221; Portada CD Palos del Flamenco (en preparaci\u00f3n) Trayectoria febrero 28, 2022 Proyecto \u00abPalos del Flamenco\u00bb Nuestro primer proyecto, \u00abPalos del Flamenco\u00bb, se ha centrado en el inagotable [&hellip;]<\/p>\n","protected":false},"author":1,"featured_media":0,"parent":0,"menu_order":0,"comment_status":"closed","ping_status":"closed","template":"","meta":{"footnotes":""},"class_list":["post-123","page","type-page","status-publish","hentry"],"_links":{"self":[{"href":"https:\/\/transitosonoro.com\/index.php\/wp-json\/wp\/v2\/pages\/123","targetHints":{"allow":["GET"]}}],"collection":[{"href":"https:\/\/transitosonoro.com\/index.php\/wp-json\/wp\/v2\/pages"}],"about":[{"href":"https:\/\/transitosonoro.com\/index.php\/wp-json\/wp\/v2\/types\/page"}],"author":[{"embeddable":true,"href":"https:\/\/transitosonoro.com\/index.php\/wp-json\/wp\/v2\/users\/1"}],"replies":[{"embeddable":true,"href":"https:\/\/transitosonoro.com\/index.php\/wp-json\/wp\/v2\/comments?post=123"}],"version-history":[{"count":66,"href":"https:\/\/transitosonoro.com\/index.php\/wp-json\/wp\/v2\/pages\/123\/revisions"}],"predecessor-version":[{"id":328,"href":"https:\/\/transitosonoro.com\/index.php\/wp-json\/wp\/v2\/pages\/123\/revisions\/328"}],"wp:attachment":[{"href":"https:\/\/transitosonoro.com\/index.php\/wp-json\/wp\/v2\/media?parent=123"}],"curies":[{"name":"wp","href":"https:\/\/api.w.org\/{rel}","templated":true}]}}